{"id":7,"date":"2022-05-29T14:59:09","date_gmt":"2022-05-29T14:59:09","guid":{"rendered":"https:\/\/meritoti.com.br\/?page_id=7"},"modified":"2022-05-29T16:39:31","modified_gmt":"2022-05-29T16:39:31","slug":"sobre","status":"publish","type":"page","link":"https:\/\/meritoti.com.br\/index.php\/sobre\/","title":{"rendered":"Sobre a M\u00e9rito"},"content":{"rendered":"\n<p>Somos uma equipe de profissionais de TI com ampla experiencia na solu\u00e7\u00e3o de problemas em ambiente corporativo, na \u00e1rea de servidores, redes e seguran\u00e7a da informa\u00e7\u00e3o, atuando no mercado h\u00e1 mais de 10 anos <\/p>\n","protected":false},"excerpt":{"rendered":"<p>Somos uma equipe de profissionais de TI com ampla experiencia na solu\u00e7\u00e3o de problemas em ambiente corporativo, na \u00e1rea de servidores, redes e seguran\u00e7a da informa\u00e7\u00e3o, atuando no mercado h\u00e1 mais de 10 anos<\/p>\n","protected":false},"author":1,"featured_media":0,"parent":0,"menu_order":0,"comment_status":"closed","ping_status":"closed","template":"","meta":{"om_disable_all_campaigns":false,"_monsterinsights_skip_tracking":false,"_monsterinsights_sitenote_active":false,"_monsterinsights_sitenote_note":"","_monsterinsights_sitenote_category":0,"footnotes":""},"aioseo_notices":[],"_links":{"self":[{"href":"https:\/\/meritoti.com.br\/index.php\/wp-json\/wp\/v2\/pages\/7"}],"collection":[{"href":"https:\/\/meritoti.com.br\/index.php\/wp-json\/wp\/v2\/pages"}],"about":[{"href":"https:\/\/meritoti.com.br\/index.php\/wp-json\/wp\/v2\/types\/page"}],"author":[{"embeddable":true,"href":"https:\/\/meritoti.com.br\/index.php\/wp-json\/wp\/v2\/users\/1"}],"replies":[{"embeddable":true,"href":"https:\/\/meritoti.com.br\/index.php\/wp-json\/wp\/v2\/comments?post=7"}],"version-history":[{"count":2,"href":"https:\/\/meritoti.com.br\/index.php\/wp-json\/wp\/v2\/pages\/7\/revisions"}],"predecessor-version":[{"id":39,"href":"https:\/\/meritoti.com.br\/index.php\/wp-json\/wp\/v2\/pages\/7\/revisions\/39"}],"wp:attachment":[{"href":"https:\/\/meritoti.com.br\/index.php\/wp-json\/wp\/v2\/media?parent=7"}],"curies":[{"name":"wp","href":"https:\/\/api.w.org\/{rel}","templated":true}]}}