{"id":45,"date":"2022-05-29T17:33:53","date_gmt":"2022-05-29T17:33:53","guid":{"rendered":"https:\/\/meritoti.com.br\/?page_id=45"},"modified":"2022-05-29T18:49:49","modified_gmt":"2022-05-29T18:49:49","slug":"dicom-printer-pacs-merito","status":"publish","type":"page","link":"https:\/\/meritoti.com.br\/index.php\/dicom-printer-pacs-merito\/","title":{"rendered":"Dicom Printer &#8211; PACs &#8211; Merito"},"content":{"rendered":"\n<p>Atendendo clinicas e hospitais da regi\u00e3o, temos a melhor solu\u00e7\u00e3o para gest\u00e3o de imagens m\u00e9dicas<br><br>&#8211; Merito Dicom Printer &#8211; Atrav\u00e9s de nosso servidor, imprima em qualquer impressora da rede (A4,A3,A2) as imagens geradas em seu equipamento (RX, TC, US, RM, etc)<br><br>&#8211; Merito PACs &#8211; Armazene as imagens geradas em seu equipamento de forma segura, com gest\u00e3o do backup e acesso as imagens em qualquer computador da rede, inclusive via internet em outros locais para acesso de pacientes e laudistas<\/p>\n","protected":false},"excerpt":{"rendered":"<p>Atendendo clinicas e hospitais da regi\u00e3o, temos a melhor solu\u00e7\u00e3o para gest\u00e3o de imagens m\u00e9dicas &#8211; Merito Dicom Printer &#8211; Atrav\u00e9s de nosso servidor, imprima em qualquer impressora da rede (A4,A3,A2) as imagens geradas em seu equipamento (RX, TC, US,<\/p>\n","protected":false},"author":1,"featured_media":0,"parent":0,"menu_order":0,"comment_status":"closed","ping_status":"closed","template":"","meta":{"om_disable_all_campaigns":false,"_monsterinsights_skip_tracking":false,"_monsterinsights_sitenote_active":false,"_monsterinsights_sitenote_note":"","_monsterinsights_sitenote_category":0,"footnotes":""},"aioseo_notices":[],"_links":{"self":[{"href":"https:\/\/meritoti.com.br\/index.php\/wp-json\/wp\/v2\/pages\/45"}],"collection":[{"href":"https:\/\/meritoti.com.br\/index.php\/wp-json\/wp\/v2\/pages"}],"about":[{"href":"https:\/\/meritoti.com.br\/index.php\/wp-json\/wp\/v2\/types\/page"}],"author":[{"embeddable":true,"href":"https:\/\/meritoti.com.br\/index.php\/wp-json\/wp\/v2\/users\/1"}],"replies":[{"embeddable":true,"href":"https:\/\/meritoti.com.br\/index.php\/wp-json\/wp\/v2\/comments?post=45"}],"version-history":[{"count":1,"href":"https:\/\/meritoti.com.br\/index.php\/wp-json\/wp\/v2\/pages\/45\/revisions"}],"predecessor-version":[{"id":46,"href":"https:\/\/meritoti.com.br\/index.php\/wp-json\/wp\/v2\/pages\/45\/revisions\/46"}],"wp:attachment":[{"href":"https:\/\/meritoti.com.br\/index.php\/wp-json\/wp\/v2\/media?parent=45"}],"curies":[{"name":"wp","href":"https:\/\/api.w.org\/{rel}","templated":true}]}}